{"id":113,"date":"2024-10-03T12:05:27","date_gmt":"2024-10-03T12:05:27","guid":{"rendered":"https:\/\/ughs.org.rs\/?page_id=113"},"modified":"2024-10-21T07:17:28","modified_gmt":"2024-10-21T07:17:28","slug":"onama","status":"publish","type":"page","link":"https:\/\/ughs.org.rs\/?page_id=113","title":{"rendered":"O nama"},"content":{"rendered":"\t\t<div data-elementor-type=\"wp-page\" data-elementor-id=\"113\" class=\"elementor elementor-113\">\n\t\t\t\t<div class=\"elementor-element elementor-element-a3cb67d e-flex e-con-boxed elementor-invisible e-con e-parent\" data-id=\"a3cb67d\" data-element_type=\"container\" data-e-type=\"container\" data-settings=\"{&quot;background_background&quot;:&quot;classic&quot;,&quot;animation&quot;:&quot;fadeIn&quot;}\">\n\t\t\t\t\t<div class=\"e-con-inner\">\n\t\t<div class=\"elementor-element elementor-element-42cffd0 e-con-full e-flex e-con e-child\" data-id=\"42cffd0\" data-element_type=\"container\" data-e-type=\"container\">\n\t\t\t\t<div class=\"elementor-element elementor-element-aaa0be9 elementor-widget elementor-widget-qi_addons_for_elementor_animated_text\" data-id=\"aaa0be9\" data-element_type=\"widget\" data-e-type=\"widget\" data-widget_type=\"qi_addons_for_elementor_animated_text.default\">\n\t\t\t\t<div class=\"elementor-widget-container\">\n\t\t\t\t\t<div class=\"qodef-shortcode qodef-m qodef-qi-animated-text qodef--animated-by-word qodef--alignment-center qodef-qi--has-appear qodef--appear-from-bottom\" >\n\t\t<h2 class=\"qodef-m-title\">\n\t\t<span class=\"qodef-e-word\">O<\/span> <span class=\"qodef-e-word\">nama<\/span>\t<\/h2>\n<\/div>\n\t\t\t\t<\/div>\n\t\t\t\t<\/div>\n\t\t\t\t<\/div>\n\t\t\t\t\t<\/div>\n\t\t\t\t<\/div>\n\t\t<div class=\"elementor-element elementor-element-b567bcb e-flex e-con-boxed e-con e-parent\" data-id=\"b567bcb\" data-element_type=\"container\" data-e-type=\"container\">\n\t\t\t\t\t<div class=\"e-con-inner\">\n\t\t<div class=\"elementor-element elementor-element-67979c2 e-con-full e-flex e-con e-child\" data-id=\"67979c2\" data-element_type=\"container\" data-e-type=\"container\">\n\t\t\t\t<\/div>\n\t\t<div class=\"elementor-element elementor-element-7aa5bf5 e-con-full e-flex e-con e-child\" data-id=\"7aa5bf5\" data-element_type=\"container\" data-e-type=\"container\">\n\t\t\t\t<div class=\"elementor-element elementor-element-f884e74 elementor-widget elementor-widget-heading\" data-id=\"f884e74\" data-element_type=\"widget\" data-e-type=\"widget\" data-widget_type=\"heading.default\">\n\t\t\t\t<div class=\"elementor-widget-container\">\n\t\t\t\t\t<h2 class=\"elementor-heading-title elementor-size-default\">Udru\u017eenje grudnih hirurga Srbije <\/h2>\t\t\t\t<\/div>\n\t\t\t\t<\/div>\n\t\t\t\t<\/div>\n\t\t<div class=\"elementor-element elementor-element-aa4b916 e-con-full e-flex e-con e-child\" data-id=\"aa4b916\" data-element_type=\"container\" data-e-type=\"container\">\n\t\t\t\t<\/div>\n\t\t\t\t\t<\/div>\n\t\t\t\t<\/div>\n\t\t<div class=\"elementor-element elementor-element-b243260 e-flex e-con-boxed e-con e-parent\" data-id=\"b243260\" data-element_type=\"container\" data-e-type=\"container\">\n\t\t\t\t\t<div class=\"e-con-inner\">\n\t\t<div class=\"elementor-element elementor-element-8f62dbe e-con-full e-flex e-con e-child\" data-id=\"8f62dbe\" data-element_type=\"container\" data-e-type=\"container\">\n\t\t\t\t<\/div>\n\t\t<div class=\"elementor-element elementor-element-3595bee e-con-full e-flex e-con e-child\" data-id=\"3595bee\" data-element_type=\"container\" data-e-type=\"container\">\n\t\t\t\t<div class=\"elementor-element elementor-element-cad0280 elementor-widget elementor-widget-text-editor\" data-id=\"cad0280\" data-element_type=\"widget\" data-e-type=\"widget\" data-widget_type=\"text-editor.default\">\n\t\t\t\t<div class=\"elementor-widget-container\">\n\t\t\t\t\t\t\t\t\t<p>U skladu sa odredbama 11. | 12. Zakona o udru\u017eenjima (\u00bbSlu\u017ebeni glasnik RS\u00ab, br.51\/09 | 99\/11,44\/2018 \u2013dr.zakon), na Osniva\u010dkoj skupstini odr\u017eanoj dana 22.03.2024. godine, u Beogradu, usvojen je<\/p><p>\u00a0<\/p><p>STATUT<\/p><p>Udru\u017eenja grudnih hirurga Srbije (\u0423\u0434\u0440\u0443\u0436\u0435\u045a\u0435 \u0433\u0440\u0443\u0434\u043d\u0438\u0445 \u0445\u0438\u0440\u0443\u0440\u0433\u0430 \u0421\u0440\u0431\u0438\u0458\u0435)<\/p><p>Udru\u017eenje \u201e\u0423\u0434\u0440\u0443\u0436\u0435\u045a\u0435 \u0433\u0440\u0443\u0434\u043d\u0438\u0445 \u0445\u0438\u0440\u0443\u0440\u0433\u0430 \u0421\u0440\u0431\u0438\u0458\u0435\u201c ( u daljem tekstu: Udru\u017eenje) predstavlja nevladino, dobrovoljno, stru\u010dno\u00a0 i neprofitno udru\u017eenje, osnovano na neodre\u0111eno vreme radi ostvarivanja ciljeva iz oblasti medicine, grudne hirurgije, istra\u017eivanja, edukacije i primene i razvoja dijagnosti\u010dkih i terapijskih hirur\u0161kih metoda, uklju\u010duju\u0107i i minimalno invazivnu hirurgiju, u\u00a0 grudnoj hirurgiji.<\/p><p>Ovim Statutom se utvr\u0111uje naziv, ciljevi i delovanje, na\u010din ostvarivanja ciljeva, sedi\u0161te udru\u017eenja, uslovi \u010dlanstva, prava i obaveze \u010dlanova, organizacija i struktura udru\u017eenja, zastupanje, sticanje i raspolaganje materijalnim sredstvima, javno delovanje, na\u010din odlu\u010divanja i udru\u017eivanja i u\u010dlanjivanje doma\u0107e i me\u0111unarodne organizacije, u\u010dlanjivanje fizi\u010dkih lica, dono\u0161enje statutarnih izmena i javne oznake UDRU\u017dENJA GRUDNIH HIRURGA SRBIJE.<\/p><p>Ciljevi Udruzenja su:<\/p><ul><li>unapre\u0111enje i razvoj le\u010denja u medicini iz oblasti grudne hirurgije;<\/li><li>afirmacija struke i stvarala\u0161tva;<\/li><li>promovisanje klinickih istrazivanja vezanih za dijagnosti\u010dke i terapijske hirur\u0161ke procedure, preoperativnu procenu i razli\u010dite metode postoperativnog le\u010denja u grudnoj hirurgiji;<\/li><li>povezivanje, edukacija i osposobljavanje medicinskih radnika zainteresovanih za novine i iskustva u primeni razli\u010ditih procedura, uklju\u010duju\u0107i minimalno invazivne i endoskopske procedure u oblasti grudne hirurgije;<\/li><li>organizacija stru\u010dnih i nau\u010dnih sastanaka, seminara, simpozijuma, savetovanja, prakti\u010dne edukacije i kongresa posve\u0107enih razli\u010ditim oblastima i metodama le\u010denja u grudnoj hirurgiji;<\/li><li>uspostavljanje stipendija za dalje usav\u0161avanje zdravstvenih radnika u razli\u010ditim oblastima i metodama le\u010denja u grudnoj hirurgiji, uklju\u010duju\u010di hirur\u0161ke procedure i minimalno invazivnu hrirurgiju;<\/li><li>saradnja sa drugim stru\u010dnim i nau\u010dnim organizacijama iz zemlje i sveta koje se bave grudnom hirurgijom;<\/li><li>davanje savetodavnih mi\u0161ljenja i predlaganje nacionalne strategije za primenu metoda preoperativnog ispitivanja, pripreme, hirur\u0161kog le\u010denja, uklju\u010duju\u0107i minimalno invazivne i endoskopske procedure kao i razli\u010ditih vidova postoperativnog le\u010denja i pra\u0107enja pacijenata u grudnoj hirurgiji;<\/li><li>obavljanje i drugih delatnosti u funkciji ostvarivanja ciljeva radi kojih je udru\u017eenje osnovano.<\/li><\/ul><p>Radi ostvarivanja svojih ciljeva Udru\u017eenje mo\u017ee da:<\/p><ul><li>prikuplja i obra\u0111uje nau\u010dnu i stru\u010dnu literaturu iz oblasti grudne hirurgije;<\/li><li>sara\u0111uje sa Univerzitetima, \u0161kolama, stru\u010dnim udru\u017eenjima i drugim organizacijama u zemiji i inostranstvu u cilju unapre\u0111enja grudne hirurgije;<\/li><li>definise i predla\u017ee protokole za efikasnu i na nau\u010dnim dokazima zasnovanu primenu metoda preoperativnog ispitivanja, pripreme, hirur\u0161kog le\u010denja, uklju\u010duju\u0107i minimalno invazivne i endoskopske procedure kao i razli\u010ditih vidova postoperativnog le\u010denja i pra\u0107enja pacijenata u grudnoj hirurgiji;<\/li><li>sprovodi aktivnosti na uvo\u0111enju novih metoda i tehnika u ovoj oblasti zdravstvene za\u0161tite;<\/li><li>u\u010destvuje u planiranju, sprovo\u0111enju, koordinaciji i promovisanju istra\u017eiva\u010dkih projekata iz navedene oblasti. Istra\u017eivanja \u0107e sprovoditi u saradnji sa visoko\u0161kolskim i nau\u010dno-istra\u017eiva\u010dkim ustanovama u zemlji i inostranstvu ili samostalno;<\/li><li>anga\u017euje stru\u010dnjake iz razli\u010ditih oblasti grudne hirurgije za rad na teorijskoj i prakti\u010dnoj edukaciji zdravstvenih radnika.<\/li><\/ul>\t\t\t\t\t\t\t\t<\/div>\n\t\t\t\t<\/div>\n\t\t\t\t<\/div>\n\t\t\t\t\t<\/div>\n\t\t\t\t<\/div>\n\t\t<div class=\"elementor-element elementor-element-f7edcff e-con-full e-flex e-con e-parent\" data-id=\"f7edcff\" data-element_type=\"container\" data-e-type=\"container\">\n\t\t<div class=\"elementor-element elementor-element-240e273 e-con-full e-flex e-con e-child\" data-id=\"240e273\" data-element_type=\"container\" data-e-type=\"container\">\n\t\t\t\t<\/div>\n\t\t<div class=\"elementor-element elementor-element-6add9bc e-con-full e-flex e-con e-child\" data-id=\"6add9bc\" data-element_type=\"container\" data-e-type=\"container\">\n\t\t\t\t<div class=\"elementor-element elementor-element-ec5d42a elementor-position-top elementor-widget elementor-widget-image-box\" data-id=\"ec5d42a\" data-element_type=\"widget\" data-e-type=\"widget\" data-widget_type=\"image-box.default\">\n\t\t\t\t<div class=\"elementor-widget-container\">\n\t\t\t\t\t<div class=\"elementor-image-box-wrapper\"><figure class=\"elementor-image-box-img\"><img fetchpriority=\"high\" decoding=\"async\" width=\"279\" height=\"342\" src=\"https:\/\/ughs.org.rs\/wp-content\/uploads\/2024\/10\/Prof.-dr-Maja-Ercegovac.jpg\" class=\"attachment-full size-full wp-image-206\" alt=\"\" srcset=\"https:\/\/ughs.org.rs\/wp-content\/uploads\/2024\/10\/Prof.-dr-Maja-Ercegovac.jpg 279w, https:\/\/ughs.org.rs\/wp-content\/uploads\/2024\/10\/Prof.-dr-Maja-Ercegovac-245x300.jpg 245w\" sizes=\"(max-width: 279px) 100vw, 279px\" \/><\/figure><div class=\"elementor-image-box-content\"><h3 class=\"elementor-image-box-title\">Prof. dr Maja Ercegovac<\/h3><p class=\"elementor-image-box-description\">Predsednik udru\u017eenja<\/p><\/div><\/div>\t\t\t\t<\/div>\n\t\t\t\t<\/div>\n\t\t\t\t<\/div>\n\t\t<div class=\"elementor-element elementor-element-a5f7616 e-con-full e-flex e-con e-child\" data-id=\"a5f7616\" data-element_type=\"container\" data-e-type=\"container\">\n\t\t\t\t<div class=\"elementor-element elementor-element-4a63558 elementor-widget__width-initial elementor-position-top elementor-widget elementor-widget-image-box\" data-id=\"4a63558\" data-element_type=\"widget\" data-e-type=\"widget\" data-widget_type=\"image-box.default\">\n\t\t\t\t<div class=\"elementor-widget-container\">\n\t\t\t\t\t<div class=\"elementor-image-box-wrapper\"><figure class=\"elementor-image-box-img\"><img decoding=\"async\" width=\"264\" height=\"300\" src=\"https:\/\/ughs.org.rs\/wp-content\/uploads\/2024\/10\/Prof.-dr-Slobodan-Milisavljevic.jpg\" class=\"attachment-full size-full wp-image-207\" alt=\"\" \/><\/figure><div class=\"elementor-image-box-content\"><h3 class=\"elementor-image-box-title\">Prof. dr Slobodan Milisavljevi\u0107<\/h3><p class=\"elementor-image-box-description\">Potpredsednik udru\u017eenja<\/p><\/div><\/div>\t\t\t\t<\/div>\n\t\t\t\t<\/div>\n\t\t\t\t<\/div>\n\t\t<div class=\"elementor-element elementor-element-7b5fc76 e-con-full e-flex e-con e-child\" data-id=\"7b5fc76\" data-element_type=\"container\" data-e-type=\"container\">\n\t\t\t\t<div class=\"elementor-element elementor-element-b4355e9 elementor-widget elementor-widget-spacer\" data-id=\"b4355e9\" data-element_type=\"widget\" data-e-type=\"widget\" data-widget_type=\"spacer.default\">\n\t\t\t\t<div class=\"elementor-widget-container\">\n\t\t\t\t\t\t\t<div class=\"elementor-spacer\">\n\t\t\t<div class=\"elementor-spacer-inner\"><\/div>\n\t\t<\/div>\n\t\t\t\t\t\t<\/div>\n\t\t\t\t<\/div>\n\t\t\t\t<div class=\"elementor-element elementor-element-e09ada3 elementor-widget elementor-widget-heading\" data-id=\"e09ada3\" data-element_type=\"widget\" data-e-type=\"widget\" data-widget_type=\"heading.default\">\n\t\t\t\t<div class=\"elementor-widget-container\">\n\t\t\t\t\t<h2 class=\"elementor-heading-title elementor-size-default\">Ostali \u010dlanovi osniva\u010dkog odbora<\/h2>\t\t\t\t<\/div>\n\t\t\t\t<\/div>\n\t\t\t\t<div class=\"elementor-element elementor-element-1f43fdc elementor-widget elementor-widget-text-editor\" data-id=\"1f43fdc\" data-element_type=\"widget\" data-e-type=\"widget\" data-widget_type=\"text-editor.default\">\n\t\t\t\t<div class=\"elementor-widget-container\">\n\t\t\t\t\t\t\t\t\t<ul><li>Prof. Dr Ivan Kuhajda<\/li><li>Aleksandar Ristanovi\u0107<\/li><li>Dr Bojan Ili\u0107<\/li><li>Asis. Dr Dejan Stojiljkovi\u0107<\/li><\/ul>\t\t\t\t\t\t\t\t<\/div>\n\t\t\t\t<\/div>\n\t\t\t\t<\/div>\n\t\t\t\t<\/div>\n\t\t\t\t<\/div>\n\t\t","protected":false},"excerpt":{"rendered":"<p>O nama Udru\u017eenje grudnih hirurga Srbije U skladu sa odredbama 11. | 12. Zakona o udru\u017eenjima (\u00bbSlu\u017ebeni glasnik RS\u00ab, br.51\/09 | 99\/11,44\/2018 \u2013dr.zakon), na Osniva\u010dkoj skupstini odr\u017eanoj dana 22.03.2024. godine, u Beogradu, usvojen je \u00a0 STATUT Udru\u017eenja grudnih hirurga Srbije (\u0423\u0434\u0440\u0443\u0436\u0435\u045a\u0435 \u0433\u0440\u0443\u0434\u043d\u0438\u0445 \u0445\u0438\u0440\u0443\u0440\u0433\u0430 \u0421\u0440\u0431\u0438\u0458\u0435) Udru\u017eenje \u201e\u0423\u0434\u0440\u0443\u0436\u0435\u045a\u0435 \u0433\u0440\u0443\u0434\u043d\u0438\u0445 \u0445\u0438\u0440\u0443\u0440\u0433\u0430 \u0421\u0440\u0431\u0438\u0458\u0435\u201c ( u daljem tekstu: Udru\u017eenje) predstavlja [&hellip;]<\/p>\n","protected":false},"author":1,"featured_media":0,"parent":0,"menu_order":0,"comment_status":"closed","ping_status":"closed","template":"elementor_header_footer","meta":{"footnotes":""},"class_list":["post-113","page","type-page","status-publish","hentry"],"_links":{"self":[{"href":"https:\/\/ughs.org.rs\/index.php?rest_route=\/wp\/v2\/pages\/113","targetHints":{"allow":["GET"]}}],"collection":[{"href":"https:\/\/ughs.org.rs\/index.php?rest_route=\/wp\/v2\/pages"}],"about":[{"href":"https:\/\/ughs.org.rs\/index.php?rest_route=\/wp\/v2\/types\/page"}],"author":[{"embeddable":true,"href":"https:\/\/ughs.org.rs\/index.php?rest_route=\/wp\/v2\/users\/1"}],"replies":[{"embeddable":true,"href":"https:\/\/ughs.org.rs\/index.php?rest_route=%2Fwp%2Fv2%2Fcomments&post=113"}],"version-history":[{"count":10,"href":"https:\/\/ughs.org.rs\/index.php?rest_route=\/wp\/v2\/pages\/113\/revisions"}],"predecessor-version":[{"id":365,"href":"https:\/\/ughs.org.rs\/index.php?rest_route=\/wp\/v2\/pages\/113\/revisions\/365"}],"wp:attachment":[{"href":"https:\/\/ughs.org.rs\/index.php?rest_route=%2Fwp%2Fv2%2Fmedia&parent=113"}],"curies":[{"name":"wp","href":"https:\/\/api.w.org\/{rel}","templated":true}]}}