{"id":322,"date":"2024-10-18T09:50:50","date_gmt":"2024-10-18T09:50:50","guid":{"rendered":"https:\/\/ughs.org.rs\/?page_id=322"},"modified":"2024-11-19T16:21:30","modified_gmt":"2024-11-19T16:21:30","slug":"ostalo","status":"publish","type":"page","link":"https:\/\/ughs.org.rs\/?page_id=322","title":{"rendered":"Ostalo"},"content":{"rendered":"\t\t<div data-elementor-type=\"wp-page\" data-elementor-id=\"322\" class=\"elementor elementor-322\">\n\t\t\t\t<div class=\"elementor-element elementor-element-c2a2984 e-con-full e-flex e-con e-parent\" data-id=\"c2a2984\" data-element_type=\"container\" data-e-type=\"container\">\n\t\t<div class=\"elementor-element elementor-element-e6968cc e-con-full e-flex e-con e-child\" data-id=\"e6968cc\" data-element_type=\"container\" data-e-type=\"container\" data-settings=\"{&quot;background_background&quot;:&quot;classic&quot;}\">\n\t\t\t\t<div class=\"elementor-element elementor-element-4bd9ccd elementor-widget elementor-widget-qi_addons_for_elementor_animated_text\" data-id=\"4bd9ccd\" data-element_type=\"widget\" data-e-type=\"widget\" data-widget_type=\"qi_addons_for_elementor_animated_text.default\">\n\t\t\t\t<div class=\"elementor-widget-container\">\n\t\t\t\t\t<div class=\"qodef-shortcode qodef-m qodef-qi-animated-text qodef--animated-by-word qodef--alignment-center qodef-qi--has-appear qodef--appear-from-bottom\" >\n\t\t<h2 class=\"qodef-m-title\">\n\t\t<span class=\"qodef-e-word\">25.<\/span> <span class=\"qodef-e-word\">Novembra<\/span> <span class=\"qodef-e-word\">2024<\/span>\t<\/h2>\n<\/div>\n\t\t\t\t<\/div>\n\t\t\t\t<\/div>\n\t\t\t\t<div class=\"elementor-element elementor-element-e68dd23 elementor-widget elementor-widget-qi_addons_for_elementor_animated_text\" data-id=\"e68dd23\" data-element_type=\"widget\" data-e-type=\"widget\" data-widget_type=\"qi_addons_for_elementor_animated_text.default\">\n\t\t\t\t<div class=\"elementor-widget-container\">\n\t\t\t\t\t<div class=\"qodef-shortcode qodef-m qodef-qi-animated-text qodef--animated-by-word qodef--alignment-center qodef-qi--has-appear qodef--appear-from-bottom\" >\n\t\t<p class=\"qodef-m-title\">\n\t\t<span class=\"qodef-e-word\">18h<\/span> <span class=\"qodef-e-word\">\u010dasova,<\/span> <span class=\"qodef-e-word\">Dom<\/span> <span class=\"qodef-e-word\">Vojske<\/span>\t<\/p>\n<\/div>\n\t\t\t\t<\/div>\n\t\t\t\t<\/div>\n\t\t\t\t<div class=\"elementor-element elementor-element-1d5aa5a elementor-widget elementor-widget-qi_addons_for_elementor_animated_text\" data-id=\"1d5aa5a\" data-element_type=\"widget\" data-e-type=\"widget\" data-widget_type=\"qi_addons_for_elementor_animated_text.default\">\n\t\t\t\t<div class=\"elementor-widget-container\">\n\t\t\t\t\t<div class=\"qodef-shortcode qodef-m qodef-qi-animated-text qodef--animated-by-word qodef--alignment-center qodef-qi--has-appear qodef--appear-from-bottom\" >\n\t\t<p class=\"qodef-m-title\">\n\t\t<span class=\"qodef-e-word\">Brace<\/span> <span class=\"qodef-e-word\">Jugovica<\/span> <span class=\"qodef-e-word\">19,<\/span> <span class=\"qodef-e-word\">Beograd<\/span>\t<\/p>\n<\/div>\n\t\t\t\t<\/div>\n\t\t\t\t<\/div>\n\t\t\t\t<div class=\"elementor-element elementor-element-6160999 elementor-widget__width-initial elementor-widget elementor-widget-qi_addons_for_elementor_animated_text\" data-id=\"6160999\" data-element_type=\"widget\" data-e-type=\"widget\" data-widget_type=\"qi_addons_for_elementor_animated_text.default\">\n\t\t\t\t<div class=\"elementor-widget-container\">\n\t\t\t\t\t<div class=\"qodef-shortcode qodef-m qodef-qi-animated-text qodef--animated-by-word qodef--alignment-center qodef-qi--has-appear qodef--appear-from-bottom\" >\n\t\t<h2 class=\"qodef-m-title\">\n\t\t<span class=\"qodef-e-word\">Promocija<\/span> <span class=\"qodef-e-word\">knjige<\/span> <span class=\"qodef-e-word\"><\/span> <span class=\"qodef-e-word\">prof.<\/span> <span class=\"qodef-e-word\">dr<\/span> <span class=\"qodef-e-word\">Neboj\u0161e<\/span> <span class=\"qodef-e-word\">Mari\u0107a<\/span>\t<\/h2>\n<\/div>\n\t\t\t\t<\/div>\n\t\t\t\t<\/div>\n\t\t\t\t<div class=\"elementor-element elementor-element-7e46d6a elementor-widget elementor-widget-qi_addons_for_elementor_animated_text\" data-id=\"7e46d6a\" data-element_type=\"widget\" data-e-type=\"widget\" data-widget_type=\"qi_addons_for_elementor_animated_text.default\">\n\t\t\t\t<div class=\"elementor-widget-container\">\n\t\t\t\t\t<div class=\"qodef-shortcode qodef-m qodef-qi-animated-text qodef--animated-by-word qodef--alignment-center qodef-qi--has-appear qodef--appear-from-bottom\" >\n\t\t<h2 class=\"qodef-m-title\">\n\t\t<span class=\"qodef-e-word\">VIDEO-ASISTIRANA<\/span> <span class=\"qodef-e-word\">TORAKOSKOPSKA<\/span> <span class=\"qodef-e-word\">HIRURGIJA<\/span> <span class=\"qodef-e-word\">(VATS)<\/span>\t<\/h2>\n<\/div>\n\t\t\t\t<\/div>\n\t\t\t\t<\/div>\n\t\t\t\t<\/div>\n\t\t\t\t<\/div>\n\t\t<div class=\"elementor-element elementor-element-f86dba5 e-flex e-con-boxed e-con e-parent\" data-id=\"f86dba5\" data-element_type=\"container\" data-e-type=\"container\">\n\t\t\t\t\t<div class=\"e-con-inner\">\n\t\t<div class=\"elementor-element elementor-element-41ed273 e-con-full e-flex e-con e-child\" data-id=\"41ed273\" data-element_type=\"container\" data-e-type=\"container\">\n\t\t\t\t<div class=\"elementor-element elementor-element-1a23934 elementor-invisible elementor-widget elementor-widget-image\" data-id=\"1a23934\" data-element_type=\"widget\" data-e-type=\"widget\" data-settings=\"{&quot;_animation&quot;:&quot;zoomInUp&quot;}\" data-widget_type=\"image.default\">\n\t\t\t\t<div class=\"elementor-widget-container\">\n\t\t\t\t\t\t\t\t\t\t\t\t\t\t\t<img fetchpriority=\"high\" decoding=\"async\" width=\"1250\" height=\"1488\" src=\"https:\/\/ughs.org.rs\/wp-content\/uploads\/2024\/11\/slika-knjiga-1.png\" class=\"elementor-animation-pulse-grow attachment-full size-full wp-image-387\" alt=\"\" srcset=\"https:\/\/ughs.org.rs\/wp-content\/uploads\/2024\/11\/slika-knjiga-1.png 1250w, https:\/\/ughs.org.rs\/wp-content\/uploads\/2024\/11\/slika-knjiga-1-252x300.png 252w, https:\/\/ughs.org.rs\/wp-content\/uploads\/2024\/11\/slika-knjiga-1-860x1024.png 860w, https:\/\/ughs.org.rs\/wp-content\/uploads\/2024\/11\/slika-knjiga-1-768x914.png 768w\" sizes=\"(max-width: 1250px) 100vw, 1250px\" \/>\t\t\t\t\t\t\t\t\t\t\t\t\t\t\t<\/div>\n\t\t\t\t<\/div>\n\t\t\t\t<div class=\"elementor-element elementor-element-d9f64c2 elementor-invisible elementor-widget elementor-widget-image\" data-id=\"d9f64c2\" data-element_type=\"widget\" data-e-type=\"widget\" data-settings=\"{&quot;_animation&quot;:&quot;zoomInUp&quot;}\" data-widget_type=\"image.default\">\n\t\t\t\t<div class=\"elementor-widget-container\">\n\t\t\t\t\t\t\t\t\t\t\t\t\t\t\t<img decoding=\"async\" width=\"250\" height=\"286\" src=\"https:\/\/ughs.org.rs\/wp-content\/uploads\/2024\/11\/slika-nebojsa.png\" class=\"elementor-animation-pulse-grow attachment-full size-full wp-image-392\" alt=\"\" \/>\t\t\t\t\t\t\t\t\t\t\t\t\t\t\t<\/div>\n\t\t\t\t<\/div>\n\t\t\t\t<div class=\"elementor-element elementor-element-6de4001 elementor-invisible elementor-widget elementor-widget-text-editor\" data-id=\"6de4001\" data-element_type=\"widget\" data-e-type=\"widget\" data-settings=\"{&quot;_animation&quot;:&quot;fadeIn&quot;}\" data-widget_type=\"text-editor.default\">\n\t\t\t\t<div class=\"elementor-widget-container\">\n\t\t\t\t\t\t\t\t\t<p>Pukovnik doc. dr Neboj\u0161a Mari\u0107, ro\u0111en 1973, zavr\u0161io je Medicinski fakultet u Kragujevcu 1999. i doktorske studije 2008. godine. Specijalista grudne hirurgije je od 2009, dominantno orijentisan na minimalno invazivne, video-asistirane grudnohirur\u0161ke operacije. Na Klinici za grudnu hirurgiju VMA zaposlen je od 2004. godine. Me\u0111u prvim grudnim hirurzima u regionu uradio je video-asistirano uklanjanje timusne \u017elezde (2012), dela plu\u0107a (VATS lobektomija 2014) i celog plu\u0107a (VATS pneumonektomija 2017). Nastavnik je na predmetu Hirurgija na Medicinskom fakultetu VMA Univerziteta odbrane u Beogradu. U\u010destvuje u edukaciji iz video-asistirane torakoskopske hirurgije u mati\u010dnoj ustanovi i vi\u0161e bolnica u Srbiji i regionu. Godi\u0161nje uradi vi\u0161e od dvesta grudnohirur\u0161kih operacija, od kojih najve\u0107i broj zbog karcinoma plu\u0107a.<\/p>\t\t\t\t\t\t\t\t<\/div>\n\t\t\t\t<\/div>\n\t\t\t\t<\/div>\n\t\t<div class=\"elementor-element elementor-element-7698e0e e-con-full e-flex e-con e-child\" data-id=\"7698e0e\" data-element_type=\"container\" data-e-type=\"container\">\n\t\t\t\t<div class=\"elementor-element elementor-element-8fe7cca elementor-invisible elementor-widget elementor-widget-text-editor\" data-id=\"8fe7cca\" data-element_type=\"widget\" data-e-type=\"widget\" data-settings=\"{&quot;_animation&quot;:&quot;fadeIn&quot;}\" data-widget_type=\"text-editor.default\">\n\t\t\t\t<div class=\"elementor-widget-container\">\n\t\t\t\t\t\t\t\t\tU knjizi pred vama predstavi\u0107u vam skup li\u010dnih iskustava u prvih dvadeset godina rada u grudnoj hirurgiji. Ud\u017ebenik Video-asistirana torakoskopska hirurgija (VATS) treba da bude vodi\u010d za minimalno invazivnu proceduru i pomo\u0107 u klini\u010dkim situacijama lekarima na specijalizaciji i specijalistima grudne hirurgije, kao i studentima koji se budu bavili ovom obla\u0161\u0107u. Model po kome se razvijala minimalno invazivna grudna hirurgija na VMA, pa i u Srbiji, nije bio uobi\u010dajen s obzirom na nedostatak opreme i nemogu\u0107nost adekvatne supervizije. Profesori i kolege od kojih sam u\u010dio podr\u017eavali su razvoj i inovacije, a proces u\u010denja i napretka nema kona\u010dnu odrednicu. Zahvaljujem se kompletnom osoblju Klinike za grudnu i kardiohirurgiju VMA, \u010diji sam \u010dlan ve\u0107 dvadeset godina. Da nije bilo njih, zajedni\u010dkog rada i posve\u0107enosti istom cilju, a to je bezrezervna pomo\u0107 i izle\u010denje pacijenata, ne bi bilo ni mojih rezultata! Autor\t\t\t\t\t\t\t\t<\/div>\n\t\t\t\t<\/div>\n\t\t\t\t<div class=\"elementor-element elementor-element-1b9bfa8 elementor-invisible elementor-widget elementor-widget-image\" data-id=\"1b9bfa8\" data-element_type=\"widget\" data-e-type=\"widget\" data-settings=\"{&quot;_animation&quot;:&quot;slideInUp&quot;}\" data-widget_type=\"image.default\">\n\t\t\t\t<div class=\"elementor-widget-container\">\n\t\t\t\t\t\t\t\t\t\t\t\t\t\t\t<img decoding=\"async\" width=\"1734\" height=\"2000\" src=\"https:\/\/ughs.org.rs\/wp-content\/uploads\/2024\/11\/knnjiga-ughs-nebojsa.png\" class=\"attachment-full size-full wp-image-385\" alt=\"\" srcset=\"https:\/\/ughs.org.rs\/wp-content\/uploads\/2024\/11\/knnjiga-ughs-nebojsa.png 1734w, https:\/\/ughs.org.rs\/wp-content\/uploads\/2024\/11\/knnjiga-ughs-nebojsa-260x300.png 260w, https:\/\/ughs.org.rs\/wp-content\/uploads\/2024\/11\/knnjiga-ughs-nebojsa-888x1024.png 888w, https:\/\/ughs.org.rs\/wp-content\/uploads\/2024\/11\/knnjiga-ughs-nebojsa-768x886.png 768w, https:\/\/ughs.org.rs\/wp-content\/uploads\/2024\/11\/knnjiga-ughs-nebojsa-1332x1536.png 1332w\" sizes=\"(max-width: 1734px) 100vw, 1734px\" \/>\t\t\t\t\t\t\t\t\t\t\t\t\t\t\t<\/div>\n\t\t\t\t<\/div>\n\t\t\t\t<\/div>\n\t\t\t\t\t<\/div>\n\t\t\t\t<\/div>\n\t\t<div class=\"elementor-element elementor-element-d2f335b e-flex e-con-boxed e-con e-parent\" data-id=\"d2f335b\" data-element_type=\"container\" data-e-type=\"container\" data-settings=\"{&quot;background_background&quot;:&quot;classic&quot;}\">\n\t\t\t\t\t<div class=\"e-con-inner\">\n\t\t<div class=\"elementor-element elementor-element-d5d1bc1 e-con-full e-flex e-con e-child\" data-id=\"d5d1bc1\" data-element_type=\"container\" data-e-type=\"container\">\n\t\t\t\t<div class=\"elementor-element elementor-element-70a34cd elementor-widget elementor-widget-image\" data-id=\"70a34cd\" data-element_type=\"widget\" data-e-type=\"widget\" data-widget_type=\"image.default\">\n\t\t\t\t<div class=\"elementor-widget-container\">\n\t\t\t\t\t\t\t\t\t\t\t\t\t\t\t<img loading=\"lazy\" decoding=\"async\" width=\"800\" height=\"923\" src=\"https:\/\/ughs.org.rs\/wp-content\/uploads\/2024\/11\/knnjiga-ughs-nebojsa-888x1024.png\" class=\"attachment-large size-large wp-image-385\" alt=\"\" srcset=\"https:\/\/ughs.org.rs\/wp-content\/uploads\/2024\/11\/knnjiga-ughs-nebojsa-888x1024.png 888w, https:\/\/ughs.org.rs\/wp-content\/uploads\/2024\/11\/knnjiga-ughs-nebojsa-260x300.png 260w, https:\/\/ughs.org.rs\/wp-content\/uploads\/2024\/11\/knnjiga-ughs-nebojsa-768x886.png 768w, https:\/\/ughs.org.rs\/wp-content\/uploads\/2024\/11\/knnjiga-ughs-nebojsa-1332x1536.png 1332w, https:\/\/ughs.org.rs\/wp-content\/uploads\/2024\/11\/knnjiga-ughs-nebojsa.png 1734w\" sizes=\"(max-width: 800px) 100vw, 800px\" \/>\t\t\t\t\t\t\t\t\t\t\t\t\t\t\t<\/div>\n\t\t\t\t<\/div>\n\t\t\t\t<\/div>\n\t\t<div class=\"elementor-element elementor-element-a630183 e-con-full e-flex e-con e-child\" data-id=\"a630183\" data-element_type=\"container\" data-e-type=\"container\">\n\t\t\t\t<div class=\"elementor-element elementor-element-53215f3 elementor-invisible elementor-widget elementor-widget-heading\" data-id=\"53215f3\" data-element_type=\"widget\" data-e-type=\"widget\" data-settings=\"{&quot;_animation&quot;:&quot;fadeIn&quot;}\" data-widget_type=\"heading.default\">\n\t\t\t\t<div class=\"elementor-widget-container\">\n\t\t\t\t\t<h6 class=\"elementor-heading-title elementor-size-default\">UGHS<\/h6>\t\t\t\t<\/div>\n\t\t\t\t<\/div>\n\t\t\t\t<div class=\"elementor-element elementor-element-08a6154 elementor-widget elementor-widget-image\" data-id=\"08a6154\" data-element_type=\"widget\" data-e-type=\"widget\" data-widget_type=\"image.default\">\n\t\t\t\t<div class=\"elementor-widget-container\">\n\t\t\t\t\t\t\t\t\t\t\t\t\t\t\t<img loading=\"lazy\" decoding=\"async\" width=\"800\" height=\"953\" src=\"https:\/\/ughs.org.rs\/wp-content\/uploads\/2024\/11\/slika-knjiga-1-860x1024.png\" class=\"attachment-large size-large wp-image-387\" alt=\"\" srcset=\"https:\/\/ughs.org.rs\/wp-content\/uploads\/2024\/11\/slika-knjiga-1-860x1024.png 860w, https:\/\/ughs.org.rs\/wp-content\/uploads\/2024\/11\/slika-knjiga-1-252x300.png 252w, https:\/\/ughs.org.rs\/wp-content\/uploads\/2024\/11\/slika-knjiga-1-768x914.png 768w, https:\/\/ughs.org.rs\/wp-content\/uploads\/2024\/11\/slika-knjiga-1.png 1250w\" sizes=\"(max-width: 800px) 100vw, 800px\" \/>\t\t\t\t\t\t\t\t\t\t\t\t\t\t\t<\/div>\n\t\t\t\t<\/div>\n\t\t\t\t<\/div>\n\t\t\t\t\t<\/div>\n\t\t\t\t<\/div>\n\t\t\t\t<\/div>\n\t\t","protected":false},"excerpt":{"rendered":"<p>25. Novembra 2024 18h \u010dasova, Dom Vojske Brace Jugovica 19, Beograd Promocija knjige prof. dr Neboj\u0161e Mari\u0107a VIDEO-ASISTIRANA TORAKOSKOPSKA HIRURGIJA (VATS) Pukovnik doc. dr Neboj\u0161a Mari\u0107, ro\u0111en 1973, zavr\u0161io je Medicinski fakultet u Kragujevcu 1999. i doktorske studije 2008. godine. Specijalista grudne hirurgije je od 2009, dominantno orijentisan na minimalno invazivne, video-asistirane grudnohirur\u0161ke operacije. Na [&hellip;]<\/p>\n","protected":false},"author":1,"featured_media":0,"parent":0,"menu_order":0,"comment_status":"closed","ping_status":"closed","template":"","meta":{"footnotes":""},"class_list":["post-322","page","type-page","status-publish","hentry"],"_links":{"self":[{"href":"https:\/\/ughs.org.rs\/index.php?rest_route=\/wp\/v2\/pages\/322","targetHints":{"allow":["GET"]}}],"collection":[{"href":"https:\/\/ughs.org.rs\/index.php?rest_route=\/wp\/v2\/pages"}],"about":[{"href":"https:\/\/ughs.org.rs\/index.php?rest_route=\/wp\/v2\/types\/page"}],"author":[{"embeddable":true,"href":"https:\/\/ughs.org.rs\/index.php?rest_route=\/wp\/v2\/users\/1"}],"replies":[{"embeddable":true,"href":"https:\/\/ughs.org.rs\/index.php?rest_route=%2Fwp%2Fv2%2Fcomments&post=322"}],"version-history":[{"count":11,"href":"https:\/\/ughs.org.rs\/index.php?rest_route=\/wp\/v2\/pages\/322\/revisions"}],"predecessor-version":[{"id":473,"href":"https:\/\/ughs.org.rs\/index.php?rest_route=\/wp\/v2\/pages\/322\/revisions\/473"}],"wp:attachment":[{"href":"https:\/\/ughs.org.rs\/index.php?rest_route=%2Fwp%2Fv2%2Fmedia&parent=322"}],"curies":[{"name":"wp","href":"https:\/\/api.w.org\/{rel}","templated":true}]}}