{"id":415,"date":"2024-12-04T16:36:39","date_gmt":"2024-12-04T16:36:39","guid":{"rendered":"https:\/\/ughs.org.rs\/?page_id=415"},"modified":"2024-12-11T10:04:13","modified_gmt":"2024-12-11T10:04:13","slug":"predavanja","status":"publish","type":"page","link":"https:\/\/ughs.org.rs\/?page_id=415","title":{"rendered":"Predavanja"},"content":{"rendered":"\t\t<div data-elementor-type=\"wp-page\" data-elementor-id=\"415\" class=\"elementor elementor-415\">\n\t\t\t\t\t\t<section class=\"elementor-section elementor-top-section elementor-element elementor-element-73aea0d elementor-section-content-middle elementor-section-boxed elementor-section-height-default elementor-section-height-default\" data-id=\"73aea0d\" data-element_type=\"section\" data-e-type=\"section\" data-settings=\"{&quot;background_background&quot;:&quot;classic&quot;}\">\n\t\t\t\t\t\t\t<div class=\"elementor-background-overlay\"><\/div>\n\t\t\t\t\t\t\t<div class=\"elementor-container elementor-column-gap-no\">\n\t\t\t\t\t<div class=\"elementor-column elementor-col-50 elementor-top-column elementor-element elementor-element-4d337c5\" data-id=\"4d337c5\" data-element_type=\"column\" data-e-type=\"column\">\n\t\t\t<div class=\"elementor-widget-wrap elementor-element-populated\">\n\t\t\t\t\t\t<section class=\"elementor-section elementor-inner-section elementor-element elementor-element-755a967f elementor-section-boxed elementor-section-height-default elementor-section-height-default\" data-id=\"755a967f\" data-element_type=\"section\" data-e-type=\"section\">\n\t\t\t\t\t\t<div class=\"elementor-container elementor-column-gap-default\">\n\t\t\t\t\t<div class=\"elementor-column elementor-col-100 elementor-inner-column elementor-element elementor-element-cf76288\" data-id=\"cf76288\" data-element_type=\"column\" data-e-type=\"column\">\n\t\t\t<div class=\"elementor-widget-wrap elementor-element-populated\">\n\t\t\t\t\t\t<div class=\"elementor-element elementor-element-7dbb2c71 elementor-widget__width-initial elementor-widget elementor-widget-image\" data-id=\"7dbb2c71\" data-element_type=\"widget\" data-e-type=\"widget\" data-widget_type=\"image.default\">\n\t\t\t\t<div class=\"elementor-widget-container\">\n\t\t\t\t\t\t\t\t\t\t\t\t\t\t\t<img fetchpriority=\"high\" decoding=\"async\" width=\"800\" height=\"293\" src=\"https:\/\/ughs.org.rs\/wp-content\/uploads\/2024\/12\/vektorski-logo-1024x375.jpg\" class=\"attachment-large size-large wp-image-433\" alt=\"\" srcset=\"https:\/\/ughs.org.rs\/wp-content\/uploads\/2024\/12\/vektorski-logo-1024x375.jpg 1024w, https:\/\/ughs.org.rs\/wp-content\/uploads\/2024\/12\/vektorski-logo-300x110.jpg 300w, https:\/\/ughs.org.rs\/wp-content\/uploads\/2024\/12\/vektorski-logo-768x281.jpg 768w, https:\/\/ughs.org.rs\/wp-content\/uploads\/2024\/12\/vektorski-logo.jpg 1208w\" sizes=\"(max-width: 800px) 100vw, 800px\" \/>\t\t\t\t\t\t\t\t\t\t\t\t\t\t\t<\/div>\n\t\t\t\t<\/div>\n\t\t\t\t\t<\/div>\n\t\t<\/div>\n\t\t\t\t\t<\/div>\n\t\t<\/section>\n\t\t\t\t<div class=\"elementor-element elementor-element-51b24de elementor-widget elementor-widget-heading\" data-id=\"51b24de\" data-element_type=\"widget\" data-e-type=\"widget\" data-widget_type=\"heading.default\">\n\t\t\t\t<div class=\"elementor-widget-container\">\n\t\t\t\t\t<h1 class=\"elementor-heading-title elementor-size-default\">Predavanje<\/h1>\t\t\t\t<\/div>\n\t\t\t\t<\/div>\n\t\t\t\t<div class=\"elementor-element elementor-element-146336e elementor-widget elementor-widget-qi_addons_for_elementor_animated_text\" data-id=\"146336e\" data-element_type=\"widget\" data-e-type=\"widget\" data-widget_type=\"qi_addons_for_elementor_animated_text.default\">\n\t\t\t\t<div class=\"elementor-widget-container\">\n\t\t\t\t\t<div class=\"qodef-shortcode qodef-m qodef-qi-animated-text qodef--animated-by-word qodef--alignment-center qodef-qi--has-appear qodef--appear-from-bottom\" >\n\t\t<h2 class=\"qodef-m-title\">\n\t\t<span class=\"qodef-e-word\">Prof.<\/span> <span class=\"qodef-e-word\">dr<\/span> <span class=\"qodef-e-word\">Hasan<\/span> <span class=\"qodef-e-word\">Batirel<\/span>\t<\/h2>\n<\/div>\n\t\t\t\t<\/div>\n\t\t\t\t<\/div>\n\t\t\t\t<div class=\"elementor-element elementor-element-7409ef9e elementor-widget elementor-widget-image\" data-id=\"7409ef9e\" data-element_type=\"widget\" data-e-type=\"widget\" data-widget_type=\"image.default\">\n\t\t\t\t<div class=\"elementor-widget-container\">\n\t\t\t\t\t\t\t\t\t\t\t\t\t\t\t<img decoding=\"async\" width=\"225\" height=\"225\" src=\"https:\/\/ughs.org.rs\/wp-content\/uploads\/2024\/12\/dr-Hasan-Batirel.jpg\" class=\"attachment-large size-large wp-image-418\" alt=\"\" srcset=\"https:\/\/ughs.org.rs\/wp-content\/uploads\/2024\/12\/dr-Hasan-Batirel.jpg 225w, https:\/\/ughs.org.rs\/wp-content\/uploads\/2024\/12\/dr-Hasan-Batirel-150x150.jpg 150w\" sizes=\"(max-width: 225px) 100vw, 225px\" \/>\t\t\t\t\t\t\t\t\t\t\t\t\t\t\t<\/div>\n\t\t\t\t<\/div>\n\t\t\t\t\t<\/div>\n\t\t<\/div>\n\t\t\t\t<div class=\"elementor-column elementor-col-50 elementor-top-column elementor-element elementor-element-536eee3\" data-id=\"536eee3\" data-element_type=\"column\" data-e-type=\"column\">\n\t\t\t<div class=\"elementor-widget-wrap elementor-element-populated\">\n\t\t\t\t\t\t<div class=\"elementor-element elementor-element-c1b42d3 elementor-widget elementor-widget-text-editor\" data-id=\"c1b42d3\" data-element_type=\"widget\" data-e-type=\"widget\" data-widget_type=\"text-editor.default\">\n\t\t\t\t<div class=\"elementor-widget-container\">\n\t\t\t\t\t\t\t\t\t<p>Po\u0161tovane kolege,<\/p>\n<p>Obave\u0161tavamo vas da \u0107e pod pokroviteljstvom inovativne kompanije Medtronic a u zajedni\u010dkoj organizaciji sa Udru\u017eenjem grudnih hirurga Srbije u Klinici za grudnu hirurgiju Univerzitetskog klini\u010dkog centra Srbije gostovati renomirani grudni hirurg Prof. dr Hasan Batirel, generalni sekretar Evropskog udru\u017eenja grudnih hirurga.<\/p>\n<p>Tokom svog gostovanja profesor Batirel \u0107e odr\u017eati seriju predavanja i prakti\u010dnih prikaza operativnih tehnika.<\/p>\n<p><span style=\"color: var( --e-global-color-d59e8a8 ); letter-spacing: 0px;\">Predavanja i prakti\u010dni prikazi \u0107e se odr\u017eati u Klinici za grudnu hirurgiju Univerzitetskog klini\u010dkog centra Srbije<\/span><br><\/p><p>12. i 13. decembar 2024. sa po\u010detkom u 8 \u010dasova.<\/p>\n<p>Obzirom da su predvi\u0111ena i predavanja kao i diskusije a da je kapacitet slu\u0161aonice Klinike za grudnu hirurgiju ograni\u010den na 22 mesta, molimo zainteresovane u\u010desnike da se registruju preko linka na sajtu Udru\u017eenja grudnih hirurga Srbije.<br>Registracija \u0107e biti otvorena do popune predvi\u0111enog broja.<\/p>\n<p>S po\u0161tovanjem,<br>Prof. dr Maja Ercegovac, predsednik Udru\u017eenja<\/p>\t\t\t\t\t\t\t\t<\/div>\n\t\t\t\t<\/div>\n\t\t\t\t\t<\/div>\n\t\t<\/div>\n\t\t\t\t\t<\/div>\n\t\t<\/section>\n\t\t<div class=\"elementor-element elementor-element-0b88441 e-flex e-con-boxed e-con e-parent\" data-id=\"0b88441\" data-element_type=\"container\" data-e-type=\"container\">\n\t\t\t\t\t<div class=\"e-con-inner\">\n\t\t<div class=\"elementor-element elementor-element-48bf912 e-con-full e-flex e-con e-child\" data-id=\"48bf912\" data-element_type=\"container\" data-e-type=\"container\" data-settings=\"{&quot;background_background&quot;:&quot;classic&quot;}\">\n\t\t\t\t<div class=\"elementor-element elementor-element-cb0c566 elementor-widget elementor-widget-qi_addons_for_elementor_animated_text\" data-id=\"cb0c566\" data-element_type=\"widget\" data-e-type=\"widget\" data-widget_type=\"qi_addons_for_elementor_animated_text.default\">\n\t\t\t\t<div class=\"elementor-widget-container\">\n\t\t\t\t\t<div class=\"qodef-shortcode qodef-m qodef-qi-animated-text qodef--animated-by-word qodef--alignment-left qodef-qi--has-appear qodef--appear-from-bottom\" >\n\t\t<h2 class=\"qodef-m-title\">\n\t\t<span class=\"qodef-e-word\">AGENDA<\/span>\t<\/h2>\n<\/div>\n\t\t\t\t<\/div>\n\t\t\t\t<\/div>\n\t\t\t\t<div class=\"elementor-element elementor-element-b4e173e elementor-widget elementor-widget-qi_addons_for_elementor_animated_text\" data-id=\"b4e173e\" data-element_type=\"widget\" data-e-type=\"widget\" data-widget_type=\"qi_addons_for_elementor_animated_text.default\">\n\t\t\t\t<div class=\"elementor-widget-container\">\n\t\t\t\t\t<div class=\"qodef-shortcode qodef-m qodef-qi-animated-text qodef--animated-by-word qodef--alignment-left qodef-qi--has-appear qodef--appear-from-bottom\" >\n\t\t<h4 class=\"qodef-m-title\">\n\t\t<span class=\"qodef-e-word\">12.<\/span> <span class=\"qodef-e-word\">Decembar,<\/span> <span class=\"qodef-e-word\">\u010detvrtak,<\/span> <span class=\"qodef-e-word\">8h<\/span>\t<\/h4>\n<\/div>\n\t\t\t\t<\/div>\n\t\t\t\t<\/div>\n\t\t\t\t<div class=\"elementor-element elementor-element-6885cc2 elementor-widget__width-initial elementor-widget-mobile__width-initial elementor-invisible elementor-widget elementor-widget-text-editor\" data-id=\"6885cc2\" data-element_type=\"widget\" data-e-type=\"widget\" data-settings=\"{&quot;_animation&quot;:&quot;fadeIn&quot;}\" data-widget_type=\"text-editor.default\">\n\t\t\t\t<div class=\"elementor-widget-container\">\n\t\t\t\t\t\t\t\t\t<p style=\"font-weight: 400;\">Lecture: Changing surgical indications in the era of segmentectomy<\/p><p style=\"font-weight: 400;\">Surgical case<\/p><p style=\"font-weight: 400;\">Q&amp;A during and after the surgery<\/p><p style=\"font-weight: 400;\">Discussion on challenging topics in thoracic surgery<\/p><p style=\"font-weight: 400;\">\u00a0<\/p>\t\t\t\t\t\t\t\t<\/div>\n\t\t\t\t<\/div>\n\t\t\t\t<div class=\"elementor-element elementor-element-284226d elementor-widget elementor-widget-qi_addons_for_elementor_animated_text\" data-id=\"284226d\" data-element_type=\"widget\" data-e-type=\"widget\" data-widget_type=\"qi_addons_for_elementor_animated_text.default\">\n\t\t\t\t<div class=\"elementor-widget-container\">\n\t\t\t\t\t<div class=\"qodef-shortcode qodef-m qodef-qi-animated-text qodef--animated-by-word qodef--alignment-left qodef-qi--has-appear qodef--appear-from-bottom\" >\n\t\t<h4 class=\"qodef-m-title\">\n\t\t<span class=\"qodef-e-word\">13.<\/span> <span class=\"qodef-e-word\">Decembar,<\/span> <span class=\"qodef-e-word\">petak,<\/span> <span class=\"qodef-e-word\">8h<\/span>\t<\/h4>\n<\/div>\n\t\t\t\t<\/div>\n\t\t\t\t<\/div>\n\t\t\t\t<div class=\"elementor-element elementor-element-4addc96 elementor-widget__width-initial elementor-widget-mobile__width-initial elementor-invisible elementor-widget elementor-widget-text-editor\" data-id=\"4addc96\" data-element_type=\"widget\" data-e-type=\"widget\" data-settings=\"{&quot;_animation&quot;:&quot;fadeIn&quot;}\" data-widget_type=\"text-editor.default\">\n\t\t\t\t<div class=\"elementor-widget-container\">\n\t\t\t\t\t\t\t\t\t<p style=\"font-weight: 400;\">Lecture: VATS resection in inflammatory diseases.\u00a0 \u00a0 \u00a0 \u00a0 \u00a0 \u00a0 \u00a0 \u00a0<\/p><p style=\"font-weight: 400;\">Surgical case<\/p><p style=\"font-weight: 400;\">Q&amp;A during surgery<\/p><p style=\"font-weight: 400;\">Residents corner \u2013 current perspectives of education and training in thoracic\u00a0\u00a0\u00a0\u00a0\u00a0\u00a0\u00a0 surgery<\/p>\t\t\t\t\t\t\t\t<\/div>\n\t\t\t\t<\/div>\n\t\t\t\t<div class=\"elementor-element elementor-element-1d01097 elementor-hidden-desktop elementor-hidden-tablet elementor-hidden-mobile elementor-invisible elementor-widget elementor-widget-button\" data-id=\"1d01097\" data-element_type=\"widget\" data-e-type=\"widget\" data-settings=\"{&quot;_animation&quot;:&quot;fadeIn&quot;}\" data-widget_type=\"button.default\">\n\t\t\t\t<div class=\"elementor-widget-container\">\n\t\t\t\t\t\t\t\t\t<div class=\"elementor-button-wrapper\">\n\t\t\t\t\t<a class=\"elementor-button elementor-button-link elementor-size-sm elementor-animation-shrink\" href=\"https:\/\/ughs.org.rs\/?page_id=182\">\n\t\t\t\t\t\t<span class=\"elementor-button-content-wrapper\">\n\t\t\t\t\t\t\t\t\t<span class=\"elementor-button-text\">Prijava<\/span>\n\t\t\t\t\t<\/span>\n\t\t\t\t\t<\/a>\n\t\t\t\t<\/div>\n\t\t\t\t\t\t\t\t<\/div>\n\t\t\t\t<\/div>\n\t\t\t\t<\/div>\n\t\t<div class=\"elementor-element elementor-element-090f6f2 e-con-full e-flex elementor-invisible e-con e-child\" data-id=\"090f6f2\" data-element_type=\"container\" data-e-type=\"container\" data-settings=\"{&quot;background_background&quot;:&quot;classic&quot;,&quot;animation&quot;:&quot;fadeIn&quot;}\">\n\t\t\t\t<div class=\"elementor-element elementor-element-d40985a elementor-widget elementor-widget-spacer\" data-id=\"d40985a\" data-element_type=\"widget\" data-e-type=\"widget\" data-widget_type=\"spacer.default\">\n\t\t\t\t<div class=\"elementor-widget-container\">\n\t\t\t\t\t\t\t<div class=\"elementor-spacer\">\n\t\t\t<div class=\"elementor-spacer-inner\"><\/div>\n\t\t<\/div>\n\t\t\t\t\t\t<\/div>\n\t\t\t\t<\/div>\n\t\t\t\t<\/div>\n\t\t\t\t\t<\/div>\n\t\t\t\t<\/div>\n\t\t\t\t<\/div>\n\t\t","protected":false},"excerpt":{"rendered":"<p>Predavanje Prof. dr Hasan Batirel Po\u0161tovane kolege, Obave\u0161tavamo vas da \u0107e pod pokroviteljstvom inovativne kompanije Medtronic a u zajedni\u010dkoj organizaciji sa Udru\u017eenjem grudnih hirurga Srbije u Klinici za grudnu hirurgiju Univerzitetskog klini\u010dkog centra Srbije gostovati renomirani grudni hirurg Prof. dr Hasan Batirel, generalni sekretar Evropskog udru\u017eenja grudnih hirurga. Tokom svog gostovanja profesor Batirel \u0107e odr\u017eati [&hellip;]<\/p>\n","protected":false},"author":1,"featured_media":0,"parent":0,"menu_order":0,"comment_status":"closed","ping_status":"closed","template":"","meta":{"footnotes":""},"class_list":["post-415","page","type-page","status-publish","hentry"],"_links":{"self":[{"href":"https:\/\/ughs.org.rs\/index.php?rest_route=\/wp\/v2\/pages\/415","targetHints":{"allow":["GET"]}}],"collection":[{"href":"https:\/\/ughs.org.rs\/index.php?rest_route=\/wp\/v2\/pages"}],"about":[{"href":"https:\/\/ughs.org.rs\/index.php?rest_route=\/wp\/v2\/types\/page"}],"author":[{"embeddable":true,"href":"https:\/\/ughs.org.rs\/index.php?rest_route=\/wp\/v2\/users\/1"}],"replies":[{"embeddable":true,"href":"https:\/\/ughs.org.rs\/index.php?rest_route=%2Fwp%2Fv2%2Fcomments&post=415"}],"version-history":[{"count":25,"href":"https:\/\/ughs.org.rs\/index.php?rest_route=\/wp\/v2\/pages\/415\/revisions"}],"predecessor-version":[{"id":468,"href":"https:\/\/ughs.org.rs\/index.php?rest_route=\/wp\/v2\/pages\/415\/revisions\/468"}],"wp:attachment":[{"href":"https:\/\/ughs.org.rs\/index.php?rest_route=%2Fwp%2Fv2%2Fmedia&parent=415"}],"curies":[{"name":"wp","href":"https:\/\/api.w.org\/{rel}","templated":true}]}}