{"id":470,"date":"2025-03-04T17:10:33","date_gmt":"2025-03-04T17:10:33","guid":{"rendered":"https:\/\/ughs.org.rs\/?page_id=470"},"modified":"2025-03-17T17:47:39","modified_gmt":"2025-03-17T17:47:39","slug":"skupstina-ughs","status":"publish","type":"page","link":"https:\/\/ughs.org.rs\/?page_id=470","title":{"rendered":"Skupstina UGHS"},"content":{"rendered":"\t\t<div data-elementor-type=\"wp-page\" data-elementor-id=\"470\" class=\"elementor elementor-470\">\n\t\t\t\t<div class=\"elementor-element elementor-element-4d11454 e-flex e-con-boxed e-con e-parent\" data-id=\"4d11454\" data-element_type=\"container\" data-e-type=\"container\">\n\t\t\t\t\t<div class=\"e-con-inner\">\n\t\t<div class=\"elementor-element elementor-element-5e98d84 e-con-full e-flex e-con e-child\" data-id=\"5e98d84\" data-element_type=\"container\" data-e-type=\"container\" data-settings=\"{&quot;background_background&quot;:&quot;classic&quot;}\">\n\t\t\t\t<div class=\"elementor-element elementor-element-c1e76da elementor-widget elementor-widget-qi_addons_for_elementor_animated_text\" data-id=\"c1e76da\" data-element_type=\"widget\" data-e-type=\"widget\" data-widget_type=\"qi_addons_for_elementor_animated_text.default\">\n\t\t\t\t<div class=\"elementor-widget-container\">\n\t\t\t\t\t<div class=\"qodef-shortcode qodef-m qodef-qi-animated-text qodef--animated-by-word qodef--alignment-center qodef-qi--has-appear qodef--appear-from-bottom\" >\n\t\t<h2 class=\"qodef-m-title\">\n\t\t<span class=\"qodef-e-word\">Skup\u0161tina<\/span> <span class=\"qodef-e-word\">Udru\u017eenja<\/span>\t<\/h2>\n<\/div>\n\t\t\t\t<\/div>\n\t\t\t\t<\/div>\n\t\t\t\t<div class=\"elementor-element elementor-element-daf5a88 elementor-widget elementor-widget-qi_addons_for_elementor_animated_text\" data-id=\"daf5a88\" data-element_type=\"widget\" data-e-type=\"widget\" data-widget_type=\"qi_addons_for_elementor_animated_text.default\">\n\t\t\t\t<div class=\"elementor-widget-container\">\n\t\t\t\t\t<div class=\"qodef-shortcode qodef-m qodef-qi-animated-text qodef--animated-by-word qodef--alignment-center qodef-qi--has-appear qodef--appear-from-bottom\" >\n\t\t<p class=\"qodef-m-title\">\n\t\t<span class=\"qodef-e-word\">10-14.mart.2025<\/span>\t<\/p>\n<\/div>\n\t\t\t\t<\/div>\n\t\t\t\t<\/div>\n\t\t\t\t<\/div>\n\t\t\t\t\t<\/div>\n\t\t\t\t<\/div>\n\t\t<div class=\"elementor-element elementor-element-f5835b6 e-flex e-con-boxed e-con e-parent\" data-id=\"f5835b6\" data-element_type=\"container\" data-e-type=\"container\">\n\t\t\t\t\t<div class=\"e-con-inner\">\n\t\t<div class=\"elementor-element elementor-element-80b3aa5 e-con-full e-flex e-con e-child\" data-id=\"80b3aa5\" data-element_type=\"container\" data-e-type=\"container\">\n\t\t\t\t<\/div>\n\t\t<div class=\"elementor-element elementor-element-0c3526f e-con-full e-flex e-con e-child\" data-id=\"0c3526f\" data-element_type=\"container\" data-e-type=\"container\">\n\t\t\t\t<div class=\"elementor-element elementor-element-5736c6d elementor-invisible elementor-widget elementor-widget-text-editor\" data-id=\"5736c6d\" data-element_type=\"widget\" data-e-type=\"widget\" data-settings=\"{&quot;_animation&quot;:&quot;fadeIn&quot;}\" data-widget_type=\"text-editor.default\">\n\t\t\t\t<div class=\"elementor-widget-container\">\n\t\t\t\t\t\t\t\t\t<p style=\"font-weight: 400;\">Po\u0161tovani \u010dlanovi Udru\u017eenja,<\/p><p style=\"font-weight: 400;\">U cilju daljeg uspe\u0161nog funkcionisanja\u00a0 Udru\u017eenja i realizacije planova, neophodno je da se odr\u017ei godi\u0161nja Skup\u0161tina Udru\u017eenja. Radi efikasnog poslovanja predla\u017eem da se Skup\u0161tina organizuje elektronski u periodu od 10. do 14. Marta 2025. godine, odnosno da se po ta\u010dkma Dnevnog reda izjasnite putem linka koji \u0107e biti naknadno dostavljen mejlom o slede\u0107em Dnevnom redu:\u00a0<\/p>\t\t\t\t\t\t\t\t<\/div>\n\t\t\t\t<\/div>\n\t\t\t\t<div class=\"elementor-element elementor-element-87d597d elementor-invisible elementor-widget elementor-widget-text-editor\" data-id=\"87d597d\" data-element_type=\"widget\" data-e-type=\"widget\" data-settings=\"{&quot;_animation&quot;:&quot;fadeIn&quot;}\" data-widget_type=\"text-editor.default\">\n\t\t\t\t<div class=\"elementor-widget-container\">\n\t\t\t\t\t\t\t\t\t<ol><li style=\"font-weight: 400;\"><strong>Usvajanje finansijskog izve\u0161taja;<\/strong><\/li><li style=\"font-weight: 400;\"><strong>\u010clanarine- ukoliko se \u010dlanarine ne plate uzastopno dve godine smatra\u0107e se da \u010dlanstvo u Udru\u017eenju grudnih hirurga Srbije prestaje<\/strong>.<\/li><\/ol>\t\t\t\t\t\t\t\t<\/div>\n\t\t\t\t<\/div>\n\t\t\t\t<div class=\"elementor-element elementor-element-956082a elementor-invisible elementor-widget elementor-widget-text-editor\" data-id=\"956082a\" data-element_type=\"widget\" data-e-type=\"widget\" data-settings=\"{&quot;_animation&quot;:&quot;fadeIn&quot;}\" data-widget_type=\"text-editor.default\">\n\t\t\t\t<div class=\"elementor-widget-container\">\n\t\t\t\t\t\t\t\t\t<p style=\"font-weight: 400;\">\u010clanarine za 2024. godinu je neophodno regulisati do 31.03.2025. godine.<\/p><p style=\"font-weight: 400;\">\u010clanarine za 2025. godinu\u00a0je nephodno regulisati do 30.06.2025. godine.<\/p><p style=\"font-weight: 400;\">Ukoliko se \u010dlanarine ne izmire uzastopno dve godine smatra\u0107e se da \u010dlanstvo u Udru\u017eenju prestaje.<\/p>\t\t\t\t\t\t\t\t<\/div>\n\t\t\t\t<\/div>\n\t\t\t\t<div class=\"elementor-element elementor-element-9a53780 elementor-widget__width-initial elementor-invisible elementor-widget elementor-widget-text-editor\" data-id=\"9a53780\" data-element_type=\"widget\" data-e-type=\"widget\" data-settings=\"{&quot;_animation&quot;:&quot;fadeIn&quot;}\" data-widget_type=\"text-editor.default\">\n\t\t\t\t<div class=\"elementor-widget-container\">\n\t\t\t\t\t\t\t\t\t<p style=\"font-weight: 400;\">S po\u0161tovanjem,<\/p>\n<p style=\"font-weight: 400;\">Prof. dr Maja Ercegovac,<br> predsednik Udru\u017eenja<\/p>\t\t\t\t\t\t\t\t<\/div>\n\t\t\t\t<\/div>\n\t\t<div class=\"elementor-element elementor-element-168cfaa e-con-full e-flex e-con e-child\" data-id=\"168cfaa\" data-element_type=\"container\" data-e-type=\"container\" data-settings=\"{&quot;background_background&quot;:&quot;classic&quot;}\">\n\t\t<div class=\"elementor-element elementor-element-564ad03 e-con-full e-flex e-con e-child\" data-id=\"564ad03\" data-element_type=\"container\" data-e-type=\"container\">\n\t\t\t\t<div class=\"elementor-element elementor-element-4690ec2 elementor-widget elementor-widget-shortcode\" data-id=\"4690ec2\" data-element_type=\"widget\" data-e-type=\"widget\" data-widget_type=\"shortcode.default\">\n\t\t\t\t<div class=\"elementor-widget-container\">\n\t\t\t\t\t\t\t<div class=\"elementor-shortcode\"><\/div>\n\t\t\t\t\t\t<\/div>\n\t\t\t\t<\/div>\n\t\t\t\t<\/div>\n\t\t\t\t<\/div>\n\t\t<div class=\"elementor-element elementor-element-ef67556 e-flex e-con-boxed e-con e-child\" data-id=\"ef67556\" data-element_type=\"container\" data-e-type=\"container\">\n\t\t\t\t\t<div class=\"e-con-inner\">\n\t\t\t\t<div class=\"elementor-element elementor-element-9f0434d elementor-widget elementor-widget-wpforms\" data-id=\"9f0434d\" data-element_type=\"widget\" data-e-type=\"widget\" data-widget_type=\"wpforms.default\">\n\t\t\t\t<div class=\"elementor-widget-container\">\n\t\t\t\t\t<div class=\"wpforms-container wpforms-container-full wpforms-render-modern\" id=\"wpforms-533\"><form id=\"wpforms-form-533\" class=\"wpforms-validate wpforms-form wpforms-ajax-form\" data-formid=\"533\" method=\"post\" enctype=\"multipart\/form-data\" action=\"\/index.php?rest_route=%2Fwp%2Fv2%2Fpages%2F470\" data-token=\"58f09d7533aefb44ea3f67cd926f73ef\" data-token-time=\"1777636455\"><noscript class=\"wpforms-error-noscript\">Please enable JavaScript in your browser to complete this form.<\/noscript><div id=\"wpforms-error-noscript\" style=\"display: none;\">Please enable JavaScript in your browser to complete this form.<\/div><div class=\"wpforms-field-container\">\t\t<div id=\"wpforms-533-field_2-container\"\n\t\t\tclass=\"wpforms-field wpforms-field-text\"\n\t\t\tdata-field-type=\"text\"\n\t\t\tdata-field-id=\"2\"\n\t\t\t>\n\t\t\t<label class=\"wpforms-field-label\" for=\"wpforms-533-field_2\" >ili Usvajanje komentar<\/label>\n\t\t\t<input type=\"text\" id=\"wpforms-533-field_2\" class=\"wpforms-field-medium\" name=\"wpforms[fields][2]\" >\n\t\t<\/div>\n\t\t<div id=\"wpforms-533-field_1-container\" class=\"wpforms-field wpforms-field-name\" data-field-id=\"1\"><label class=\"wpforms-field-label\" for=\"wpforms-533-field_1\">Ime i prezime <span class=\"wpforms-required-label\" aria-hidden=\"true\">*<\/span><\/label><input type=\"text\" id=\"wpforms-533-field_1\" class=\"wpforms-field-medium wpforms-field-required\" name=\"wpforms[fields][1]\" aria-errormessage=\"wpforms-533-field_1-error\" required><\/div><div id=\"wpforms-533-field_8-container\" class=\"wpforms-field wpforms-field-email\" data-field-id=\"8\"><label class=\"wpforms-field-label\" for=\"wpforms-533-field_8\">Va\u0161 email <span class=\"wpforms-required-label\" aria-hidden=\"true\">*<\/span><\/label><input type=\"email\" id=\"wpforms-533-field_8\" class=\"wpforms-field-medium wpforms-field-required\" name=\"wpforms[fields][8]\" spellcheck=\"false\" aria-errormessage=\"wpforms-533-field_8-error\" required><\/div><div id=\"wpforms-533-field_9-container\" class=\"wpforms-field wpforms-field-radio\" data-field-id=\"9\"><fieldset><legend class=\"wpforms-field-label\">1. Usvajanje finansijskog izve\u0161taja <span class=\"wpforms-required-label\" aria-hidden=\"true\">*<\/span><\/legend><ul id=\"wpforms-533-field_9\" class=\"wpforms-field-required\"><li class=\"choice-1 depth-1 wpforms-selected\"><input type=\"radio\" id=\"wpforms-533-field_9_1\" name=\"wpforms[fields][9]\" value=\"Saglasan\/saglasna sa finansiskim izve\u0161tajem\" aria-errormessage=\"wpforms-533-field_9_1-error\" required  checked='checked'><label class=\"wpforms-field-label-inline\" for=\"wpforms-533-field_9_1\">Saglasan\/saglasna sa finansiskim izve\u0161tajem<\/label><\/li><li class=\"choice-2 depth-1\"><input type=\"radio\" id=\"wpforms-533-field_9_2\" name=\"wpforms[fields][9]\" value=\"Ne sla\u017eem se sa finansiskim izvestajem\" aria-errormessage=\"wpforms-533-field_9_2-error\" required ><label class=\"wpforms-field-label-inline\" for=\"wpforms-533-field_9_2\">Ne sla\u017eem se sa finansiskim izvestajem<\/label><\/li><\/ul><\/fieldset><\/div><div id=\"wpforms-533-field_4-container\" class=\"wpforms-field wpforms-field-radio\" data-field-id=\"4\"><fieldset><legend class=\"wpforms-field-label\">2. \u010clanarine <span class=\"wpforms-required-label\" aria-hidden=\"true\">*<\/span><\/legend><ul id=\"wpforms-533-field_4\" class=\"wpforms-field-required\"><li class=\"choice-1 depth-1\"><input type=\"radio\" id=\"wpforms-533-field_4_1\" name=\"wpforms[fields][4]\" value=\"Saglasan\/saglasna sa \u010dlanarinama\" aria-errormessage=\"wpforms-533-field_4_1-error\" required ><label class=\"wpforms-field-label-inline\" for=\"wpforms-533-field_4_1\">Saglasan\/saglasna sa \u010dlanarinama<\/label><\/li><li class=\"choice-2 depth-1\"><input type=\"radio\" id=\"wpforms-533-field_4_2\" name=\"wpforms[fields][4]\" value=\"Ne sla\u017eem se sa \u010dlanarimama\" aria-errormessage=\"wpforms-533-field_4_2-error\" required ><label class=\"wpforms-field-label-inline\" for=\"wpforms-533-field_4_2\">Ne sla\u017eem se sa \u010dlanarimama<\/label><\/li><\/ul><\/fieldset><\/div><div id=\"wpforms-533-field_7-container\" class=\"wpforms-field wpforms-field-textarea\" data-field-id=\"7\"><label class=\"wpforms-field-label\" for=\"wpforms-533-field_7\">Napomena ili komentar<\/label><textarea id=\"wpforms-533-field_7\" class=\"wpforms-field-medium\" name=\"wpforms[fields][7]\" aria-errormessage=\"wpforms-533-field_7-error\" ><\/textarea><\/div><script>\n\t\t\t\t( function() {\n\t\t\t\t\tconst style = document.createElement( 'style' );\n\t\t\t\t\tstyle.appendChild( document.createTextNode( '#wpforms-533-field_2-container { position: absolute !important; overflow: hidden !important; display: inline !important; height: 1px !important; width: 1px !important; z-index: -1000 !important; padding: 0 !important; } #wpforms-533-field_2-container input { visibility: hidden; } #wpforms-conversational-form-page #wpforms-533-field_2-container label { counter-increment: none; }' ) );\n\t\t\t\t\tdocument.head.appendChild( style );\n\t\t\t\t\tdocument.currentScript?.remove();\n\t\t\t\t} )();\n\t\t\t<\/script><\/div><!-- .wpforms-field-container --><div class=\"wpforms-submit-container\" ><input type=\"hidden\" name=\"wpforms[id]\" value=\"533\"><input type=\"hidden\" name=\"page_title\" value=\"\"><input type=\"hidden\" name=\"page_url\" value=\"https:\/\/ughs.org.rs\/index.php?rest_route=\/wp\/v2\/pages\/470\"><input type=\"hidden\" name=\"url_referer\" value=\"\"><button type=\"submit\" name=\"wpforms[submit]\" id=\"wpforms-submit-533\" class=\"wpforms-submit\" data-alt-text=\"Va\u0161 glas se \u0161alje...\" data-submit-text=\"Glasam\" aria-live=\"assertive\" value=\"wpforms-submit\">Glasam<\/button><img decoding=\"async\" src=\"https:\/\/ughs.org.rs\/wp-content\/plugins\/wpforms-lite\/assets\/images\/submit-spin.svg\" class=\"wpforms-submit-spinner\" style=\"display: none;\" width=\"26\" height=\"26\" alt=\"Loading\"><\/div><\/form><\/div>  <!-- .wpforms-container -->\t\t\t\t<\/div>\n\t\t\t\t<\/div>\n\t\t\t\t\t<\/div>\n\t\t\t\t<\/div>\n\t\t\t\t<\/div>\n\t\t<div class=\"elementor-element elementor-element-6b8cff8 e-con-full e-flex e-con e-child\" data-id=\"6b8cff8\" data-element_type=\"container\" data-e-type=\"container\">\n\t\t\t\t<\/div>\n\t\t\t\t\t<\/div>\n\t\t\t\t<\/div>\n\t\t<div class=\"elementor-element elementor-element-f983cd8 e-flex e-con-boxed e-con e-parent\" data-id=\"f983cd8\" data-element_type=\"container\" data-e-type=\"container\">\n\t\t\t\t\t<div class=\"e-con-inner\">\n\t\t<div class=\"elementor-element elementor-element-a1eb416 e-con-full e-flex e-con e-child\" data-id=\"a1eb416\" data-element_type=\"container\" data-e-type=\"container\">\n\t\t\t\t<\/div>\n\t\t<div class=\"elementor-element elementor-element-f170935 e-con-full e-flex e-con e-child\" data-id=\"f170935\" data-element_type=\"container\" data-e-type=\"container\">\n\t\t\t\t<div class=\"elementor-element elementor-element-d3a6da2 elementor-widget__width-initial elementor-invisible elementor-widget elementor-widget-text-editor\" data-id=\"d3a6da2\" data-element_type=\"widget\" data-e-type=\"widget\" data-settings=\"{&quot;_animation&quot;:&quot;fadeIn&quot;}\" data-widget_type=\"text-editor.default\">\n\t\t\t\t<div class=\"elementor-widget-container\">\n\t\t\t\t\t\t\t\t\t<p style=\"font-weight: 400;\">Godi\u0161nje \u010dlanarine\u00a0mo\u017eete regulisati u celosti na dinarski ra\u010dun u iznosu od 12.000,00 dinara.<\/p><p style=\"font-weight: 400;\">Primalac:\u00a0\u00a0\u00a0\u00a0\u00a0\u00a0\u00a0\u00a0\u00a0\u00a0\u00a0\u00a0\u00a0 Udru\u017eenje grudnih hirurga Srbije<\/p><p style=\"font-weight: 400;\">\u00a0 \u00a0 \u00a0 \u00a0 \u00a0 \u00a0 \u00a0 \u00a0 \u00a0 \u00a0 \u00a0 \u00a0 \u00a0 \u00a0 \u00a0 Dr. Koste Todorovi\u0107a 3, Beograd<\/p><p style=\"font-weight: 400;\">Ra\u010dun broj:\u00a0 \u00a0 \u00a0 \u00a0 \u00a0 \u00a0265-6530310002257-78<\/p><p style=\"font-weight: 400;\">Poziv na broj:\u00a0 \u00a0 \u00a0 JMBG-2024\u00a0 \/\u00a0 \u00a0JMBG-2025<\/p><p style=\"font-weight: 400;\">Svrha uplate: \u00a0\u00a0\u00a0\u00a0\u00a0\u00a0 \u010clanarina za 2024. godinu \u00a0\/\u00a0 \u010clanarina za 2025. godinu<\/p>\t\t\t\t\t\t\t\t<\/div>\n\t\t\t\t<\/div>\n\t\t\t\t<\/div>\n\t\t<div class=\"elementor-element elementor-element-053936a e-con-full e-flex e-con e-child\" data-id=\"053936a\" data-element_type=\"container\" data-e-type=\"container\">\n\t\t\t\t<\/div>\n\t\t\t\t\t<\/div>\n\t\t\t\t<\/div>\n\t\t\t\t<\/div>\n\t\t","protected":false},"excerpt":{"rendered":"<p>Skup\u0161tina Udru\u017eenja 10-14.mart.2025 Po\u0161tovani \u010dlanovi Udru\u017eenja, U cilju daljeg uspe\u0161nog funkcionisanja\u00a0 Udru\u017eenja i realizacije planova, neophodno je da se odr\u017ei godi\u0161nja Skup\u0161tina Udru\u017eenja. Radi efikasnog poslovanja predla\u017eem da se Skup\u0161tina organizuje elektronski u periodu od 10. do 14. Marta 2025. godine, odnosno da se po ta\u010dkma Dnevnog reda izjasnite putem linka koji \u0107e biti naknadno [&hellip;]<\/p>\n","protected":false},"author":1,"featured_media":0,"parent":0,"menu_order":0,"comment_status":"closed","ping_status":"closed","template":"elementor_header_footer","meta":{"footnotes":""},"class_list":["post-470","page","type-page","status-publish","hentry"],"_links":{"self":[{"href":"https:\/\/ughs.org.rs\/index.php?rest_route=\/wp\/v2\/pages\/470","targetHints":{"allow":["GET"]}}],"collection":[{"href":"https:\/\/ughs.org.rs\/index.php?rest_route=\/wp\/v2\/pages"}],"about":[{"href":"https:\/\/ughs.org.rs\/index.php?rest_route=\/wp\/v2\/types\/page"}],"author":[{"embeddable":true,"href":"https:\/\/ughs.org.rs\/index.php?rest_route=\/wp\/v2\/users\/1"}],"replies":[{"embeddable":true,"href":"https:\/\/ughs.org.rs\/index.php?rest_route=%2Fwp%2Fv2%2Fcomments&post=470"}],"version-history":[{"count":58,"href":"https:\/\/ughs.org.rs\/index.php?rest_route=\/wp\/v2\/pages\/470\/revisions"}],"predecessor-version":[{"id":561,"href":"https:\/\/ughs.org.rs\/index.php?rest_route=\/wp\/v2\/pages\/470\/revisions\/561"}],"wp:attachment":[{"href":"https:\/\/ughs.org.rs\/index.php?rest_route=%2Fwp%2Fv2%2Fmedia&parent=470"}],"curies":[{"name":"wp","href":"https:\/\/api.w.org\/{rel}","templated":true}]}}